{"id":2,"date":"2023-10-28T03:25:12","date_gmt":"2023-10-27T20:25:12","guid":{"rendered":"https:\/\/dn-networks.chuyendich.com\/bigboss\/?page_id=2"},"modified":"2023-11-12T17:22:51","modified_gmt":"2023-11-12T10:22:51","slug":"loi-ich-tren-het","status":"publish","type":"page","link":"https:\/\/success.pro.vn\/phamquangtien\/loi-ich-tren-het\/","title":{"rendered":"L\u1ee3i \u00edch tr\u00ean h\u1ebft"},"content":{"rendered":"\n<p>L\u1ee3i \u00edch l\u00e0 ph\u00e9p c\u1ed9ng c\u1ee7a TI\u1ec0N B\u1ea0C v\u00e0 T\u01af C\u00c1CH<\/p>\n\n\n\n<figure class=\"wp-block-image size-full\"><img loading=\"lazy\" decoding=\"async\" width=\"700\" height=\"400\" src=\"https:\/\/success.pro.vn\/phamquangtien\/wp-content\/uploads\/solaris\/dn\/dn-networks\/sites\/17\/2023\/11\/tien-bac-va-tu-cach.jpg\" alt=\"\" class=\"wp-image-26\" srcset=\"https:\/\/success.pro.vn\/phamquangtien\/wp-content\/uploads\/solaris\/dn\/dn-networks\/sites\/17\/2023\/11\/tien-bac-va-tu-cach.jpg 700w, https:\/\/success.pro.vn\/phamquangtien\/wp-content\/uploads\/solaris\/dn\/dn-networks\/sites\/17\/2023\/11\/tien-bac-va-tu-cach-300x171.jpg 300w\" sizes=\"auto, (max-width: 700px) 100vw, 700px\" \/><\/figure>\n","protected":false},"excerpt":{"rendered":"<p>L\u1ee3i \u00edch l\u00e0 ph\u00e9p c\u1ed9ng c\u1ee7a TI\u1ec0N B\u1ea0C v\u00e0 T\u01af C\u00c1CH<\/p>\n","protected":false},"author":1,"featured_media":0,"parent":0,"menu_order":0,"comment_status":"closed","ping_status":"closed","template":"","meta":{"footnotes":""},"class_list":["post-2","page","type-page","status-publish","hentry"],"_links":{"self":[{"href":"https:\/\/success.pro.vn\/phamquangtien\/wp-json\/wp\/v2\/pages\/2","targetHints":{"allow":["GET"]}}],"collection":[{"href":"https:\/\/success.pro.vn\/phamquangtien\/wp-json\/wp\/v2\/pages"}],"about":[{"href":"https:\/\/success.pro.vn\/phamquangtien\/wp-json\/wp\/v2\/types\/page"}],"author":[{"embeddable":true,"href":"https:\/\/success.pro.vn\/phamquangtien\/wp-json\/wp\/v2\/users\/1"}],"replies":[{"embeddable":true,"href":"https:\/\/success.pro.vn\/phamquangtien\/wp-json\/wp\/v2\/comments?post=2"}],"version-history":[{"count":5,"href":"https:\/\/success.pro.vn\/phamquangtien\/wp-json\/wp\/v2\/pages\/2\/revisions"}],"predecessor-version":[{"id":30,"href":"https:\/\/success.pro.vn\/phamquangtien\/wp-json\/wp\/v2\/pages\/2\/revisions\/30"}],"wp:attachment":[{"href":"https:\/\/success.pro.vn\/phamquangtien\/wp-json\/wp\/v2\/media?parent=2"}],"curies":[{"name":"wp","href":"https:\/\/api.w.org\/{rel}","templated":true}]}}