{"id":2,"date":"2024-03-07T05:18:40","date_gmt":"2024-03-07T05:18:40","guid":{"rendered":"https:\/\/dn-networks.chuyendich.com\/hongvu\/?page_id=2"},"modified":"2024-03-07T14:42:37","modified_gmt":"2024-03-07T07:42:37","slug":"%e6%98%8e%e6%95%99%e4%b8%bb","status":"publish","type":"page","link":"https:\/\/success.pro.vn\/hongvu\/","title":{"rendered":"\u660e\u6559\u4e3b"},"content":{"rendered":"\n<p class=\"has-large-font-size\">H\u1ed3ng V\u0169 Quang Minh H\u1ea3i Khang <\/p>\n\n\n\n<p class=\"has-small-font-size\">Quang Minh. Kim C\u01b0\u01a1ng. Ch\u00ednh Nh\u1ea5t<\/p>\n\n\n\n<figure class=\"wp-block-image aligncenter size-large has-custom-border\"><img decoding=\"async\" src=\"https:\/\/hkimg.files.wordpress.com\/2023\/12\/img_20231005_1615152.jpg\" alt=\"\" style=\"border-radius:10px;object-fit:cover\"\/><figcaption class=\"wp-element-caption\">Minh Gi\u00e1o Ch\u1ee7 \/ Ng\u01b0\u1eddi Ch\u01a1i B\u00e0i<\/figcaption><\/figure>\n\n\n\n<p class=\"has-small-font-size\">H\u1ed3ng V\u0169: t\u1ed5ng th\u1ed1ng l\u0129nh. Minh Gi\u00e1o Ch\u1ee7: ng\u01b0\u1eddi s\u00e1ng l\u1eadp h\u1ecdc thuy\u1ebft K\u1ebb m\u1ea1nh. Ng\u01b0\u1eddi Ch\u01a1i B\u00e0i: cai qu\u1ea3n Si\u00eau m\u1ea1ng l\u01b0\u1edbi x\u00e3 h\u1ed9i &#8211; kinh t\u1ebf &#8211; v\u0103n ho\u00e1<\/p>\n\n\n\n<p class=\"has-text-align-left\" style=\"font-size:clamp(1.976rem, 1.976rem + ((1vw - 0.2rem) * 2.771), 3.5rem);\"><mark style=\"background-color:#dc135b;color:#f7f4f4\" class=\"has-inline-color\">\u300a TH\u1ea6N B\u1ea2O H\u1ed8 \u300b <\/mark><\/p>\n\n\n\n<p style=\"font-size:clamp(3.615rem, 3.615rem + ((1vw - 0.2rem) * 7.064), 7.5rem);\">\u0111\u1ecbnh m\u1ec7nh c\u1ee7a cu\u1ed9c \u0111\u1eddi t\u00f4i l\u00e0 ph\u1ea3i tr\u1edf th\u00e0nh gi\u00e1o ch\u1ee7 v\u00e0 ng\u01b0\u1eddi ch\u01a1i b\u00e0i<\/p>\n\n\n\n<div style=\"height:22px\" aria-hidden=\"true\" class=\"wp-block-spacer\"><\/div>\n\n\n\n<figure class=\"wp-block-image aligncenter size-large is-resized\"><img decoding=\"async\" src=\"https:\/\/media.chuyendich.com\/hanzi\/wp-content\/uploads\/solaris\/cd\/cd-www\/sites\/14\/2024\/03\/\u660e_15.png\" alt=\"\" style=\"width:161px;height:auto\"\/><\/figure>\n\n\n\n<div style=\"height:22px\" aria-hidden=\"true\" class=\"wp-block-spacer\"><\/div>\n\n\n\n<p class=\"has-large-font-size\">Minh gi\u00e1o ch\u1ee7 s\u00e1ng l\u1eadp h\u1ecdc thuy\u1ebft K\u1ebb m\u1ea1nh, \u0111i\u1ec1u h\u00e0nh Ng\u0169 v\u01b0\u01a1ng b\u1ed9<\/p>\n\n\n\n<p>Xem th\u00eam: <\/p>\n\n\n\n<ul class=\"wp-block-list\">\n<li><a href=\"\/\/kemanh.com\" target=\"_blank\" rel=\"noreferrer noopener\">H\u1ecdc thuy\u1ebft K\u1ebb m\u1ea1nh<\/a><\/li>\n\n\n\n<li><a href=\"\/\/nguvuong.com\" target=\"_blank\" rel=\"noreferrer noopener\">Ng\u0169 v\u01b0\u01a1ng b\u1ed9<\/a><\/li>\n<\/ul>\n\n\n\n<p><\/p>\n\n\n\n<div style=\"height:22px\" aria-hidden=\"true\" class=\"wp-block-spacer\"><\/div>\n\n\n\n<p class=\"has-large-font-size\">Minh gi\u00e1o ch\u1ee7 nh\u1eadn l\u00e3nh tr\u00e1ch nhi\u1ec7m tr\u01b0\u1edbc s\u1ee9 m\u1ec7nh H\u1ea3i Khang Victory<\/p>\n\n\n\n<figure class=\"wp-block-image aligncenter size-large has-custom-border\"><img decoding=\"async\" src=\"https:\/\/hkimg2.files.wordpress.com\/2024\/02\/e4bf9d_202310122_20240228164029840.jpg\" alt=\"\" style=\"border-width:4px;border-radius:10px\"\/><\/figure>\n\n\n\n<p><\/p>\n\n\n\n<div style=\"height:22px\" aria-hidden=\"true\" class=\"wp-block-spacer\"><\/div>\n\n\n\n<p class=\"has-large-font-size\">Ng\u01b0\u1eddi Ch\u01a1i B\u00e0i d\u1eabn d\u1eaft m\u1ecdi ng\u01b0\u1eddi \u0111\u1ebfn th\u1eafng l\u1ee3i<\/p>\n\n\n\n<figure class=\"wp-block-image aligncenter size-large is-resized\"><img decoding=\"async\" src=\"https:\/\/media.chuyendich.com\/svg\/wp-content\/uploads\/solaris\/cd\/cd-www\/sites\/13\/2024\/03\/52DD.svg\" alt=\"\" style=\"width:224px;height:auto\"\/><\/figure>\n\n\n\n<p><\/p>\n\n\n\n<p class=\"has-large-font-size\">H\u1ed3ng V\u0169 Quang Minh H\u1ea3i Khang b\u1ea3o h\u1ed9 cho s\u1ef1 B\u00ecnh An<\/p>\n\n\n\n<p>T\u1ef1 ch\u1ee7. T\u1ef1 l\u1eadp<\/p>\n\n\n\n<p>\u5e73\u5b89 B\u00ecnh An<\/p>\n\n\n\n<p>\u559c\u7de3\u798f\u5fb7 \u8ca1\u5bcc\u9806\u5229 H\u1ef7 Duy\u00ean Ph\u01b0\u1edbc \u0110\u1ee9c T\u00e0i Ph\u00fa Thu\u1eadn L\u1ee3i<\/p>\n\n\n\n<figure class=\"wp-block-image aligncenter size-large\"><img decoding=\"async\" src=\"https:\/\/hkimg2.files.wordpress.com\/2024\/02\/binhan_kemanh_20240226.jpg\" alt=\"\"\/><\/figure>\n\n\n\n<div style=\"height:22px\" aria-hidden=\"true\" class=\"wp-block-spacer\"><\/div>\n\n\n\n<hr class=\"wp-block-separator has-alpha-channel-opacity\"\/>\n\n\n\n<p class=\"has-large-font-size\">Li\u00ean k\u1ebft<\/p>\n\n\n\n<ol class=\"wp-block-list\">\n<li><a href=\"\/\/success.pro.vn\/minhgiaochu\" target=\"_blank\" rel=\"noreferrer noopener\">Minh Gi\u00e1o Ch\u1ee7<\/a> (gi\u00e1o ph\u00e1p)<\/li>\n\n\n\n<li><a href=\"\/\/success.pro.vn\/nguoichoibai\" target=\"_blank\" rel=\"noreferrer noopener\">Ng\u01b0\u1eddi Ch\u01a1i B\u00e0i<\/a> (cai qu\u1ea3n)<\/li>\n\n\n\n<li><a href=\"\/\/kemanh.com\" target=\"_blank\" rel=\"noreferrer noopener\">K\u1ebb M\u1ea1nh<\/a> (h\u1ecdc thuy\u1ebft)<\/li>\n\n\n\n<li><a href=\"\/\/chutuong.com\" target=\"_blank\" rel=\"noreferrer noopener\">Ch\u1ee7 T\u01b0\u1edbng<\/a> (t\u01b0 t\u01b0\u1edfng, l\u00fd lu\u1eadn)<\/li>\n\n\n\n<li><a href=\"\/\/chuacong.com\" target=\"_blank\" rel=\"noreferrer noopener\">Ch\u00faa C\u00f4ng<\/a> (qu\u00e1n s\u00e1t thi\u00ean h\u1ea1)<\/li>\n\n\n\n<li><a href=\"\/\/chuyendich.com\" target=\"_blank\" rel=\"noreferrer noopener\">Chuy\u1ec3n D\u1ecbch<\/a> (ph\u01b0\u01a1ng ph\u00e1p lu\u1eadn)<\/li>\n\n\n\n<li><a href=\"\/\/success.pro.vn\" target=\"_blank\" rel=\"noreferrer noopener\">Ch\u00ednh B\u1ea1n<\/a> (m\u1ea1ng l\u01b0\u1edbi x\u00e3 h\u1ed9i)<\/li>\n\n\n\n<li><a href=\"\/\/chinhnhat.com\" target=\"_blank\" rel=\"noreferrer noopener\">Ch\u00ednh Nh\u1ea5t<\/a> (m\u1ea1ng l\u01b0\u1edbi kinh t\u1ebf)<\/li>\n<\/ol>\n\n\n\n<div style=\"height:22px\" aria-hidden=\"true\" class=\"wp-block-spacer\"><\/div>\n\n\n\n<p class=\"has-large-font-size\">Bi\u1ec3u tr\u01b0ng<\/p>\n\n\n\n<p>\u1ea4n tri\u1ec7n trong c\u00e1c t\u00e1c ph\u1ea9m do Minh gi\u00e1o ch\u1ee7 s\u00e1ng l\u1eadp<\/p>\n\n\n\n<figure class=\"wp-block-image aligncenter size-large is-resized has-custom-border\"><img decoding=\"async\" src=\"https:\/\/hkimg2.files.wordpress.com\/2024\/02\/thk.png\" alt=\"\" style=\"border-width:4px;border-radius:10px;width:206px;height:auto\"\/><\/figure>\n\n\n\n<div style=\"height:22px\" aria-hidden=\"true\" class=\"wp-block-spacer\"><\/div>\n\n\n\n<p>H\u00ecnh \u1ea3nh c\u1ee7a m\u1ed9t v\u1ecb Th\u00e1nh b\u1ea3o h\u1ed9<\/p>\n\n\n\n<figure class=\"wp-block-image aligncenter size-large is-resized\"><img decoding=\"async\" src=\"https:\/\/hkimg2.files.wordpress.com\/2024\/02\/coat_of_arms_of_moscow.svg_.png\" alt=\"\" style=\"width:276px;height:auto\"\/><\/figure>\n","protected":false},"excerpt":{"rendered":"<p>H\u1ed3ng V\u0169 Quang Minh H\u1ea3i Khang Quang Minh. Kim C\u01b0\u01a1ng. Ch\u00ednh Nh\u1ea5t H\u1ed3ng V\u0169: t\u1ed5ng th\u1ed1ng l\u0129nh. Minh Gi\u00e1o Ch\u1ee7: ng\u01b0\u1eddi s\u00e1ng l\u1eadp h\u1ecdc thuy\u1ebft K\u1ebb m\u1ea1nh. Ng\u01b0\u1eddi Ch\u01a1i B\u00e0i: cai qu\u1ea3n Si\u00eau m\u1ea1ng l\u01b0\u1edbi x\u00e3 h\u1ed9i &#8211; kinh t\u1ebf &#8211; v\u0103n ho\u00e1 \u300a TH\u1ea6N B\u1ea2O H\u1ed8 \u300b \u0111\u1ecbnh m\u1ec7nh c\u1ee7a cu\u1ed9c \u0111\u1eddi t\u00f4i l\u00e0 [&hellip;]<\/p>\n","protected":false},"author":1,"featured_media":0,"parent":0,"menu_order":0,"comment_status":"closed","ping_status":"closed","template":"","meta":{"footnotes":""},"class_list":["post-2","page","type-page","status-publish","hentry"],"_links":{"self":[{"href":"https:\/\/success.pro.vn\/hongvu\/wp-json\/wp\/v2\/pages\/2","targetHints":{"allow":["GET"]}}],"collection":[{"href":"https:\/\/success.pro.vn\/hongvu\/wp-json\/wp\/v2\/pages"}],"about":[{"href":"https:\/\/success.pro.vn\/hongvu\/wp-json\/wp\/v2\/types\/page"}],"author":[{"embeddable":true,"href":"https:\/\/success.pro.vn\/hongvu\/wp-json\/wp\/v2\/users\/1"}],"replies":[{"embeddable":true,"href":"https:\/\/success.pro.vn\/hongvu\/wp-json\/wp\/v2\/comments?post=2"}],"version-history":[{"count":30,"href":"https:\/\/success.pro.vn\/hongvu\/wp-json\/wp\/v2\/pages\/2\/revisions"}],"predecessor-version":[{"id":49,"href":"https:\/\/success.pro.vn\/hongvu\/wp-json\/wp\/v2\/pages\/2\/revisions\/49"}],"wp:attachment":[{"href":"https:\/\/success.pro.vn\/hongvu\/wp-json\/wp\/v2\/media?parent=2"}],"curies":[{"name":"wp","href":"https:\/\/api.w.org\/{rel}","templated":true}]}}