{"id":80,"date":"2023-10-25T12:34:21","date_gmt":"2023-10-25T05:34:21","guid":{"rendered":"https:\/\/success.pro.vn\/haikhang\/?page_id=80"},"modified":"2023-10-25T12:59:19","modified_gmt":"2023-10-25T05:59:19","slug":"cach-mang","status":"publish","type":"page","link":"https:\/\/success.pro.vn\/haikhang-economy\/cach-mang\/","title":{"rendered":"C\u00e1ch m\u1ea1ng"},"content":{"rendered":"\n<p><em>CU\u1ed8C \u0110\u1ea0I C\u00c1CH M\u1ea0NG XUY\u00caN BI\u00caN GI\u1edaI KH\u00d4NG TI\u1ebeNG S\u00daNG, KH\u00d4NG \u0110\u1ed4 M\u00c1U, NH\u01afNG TR\u01af\u1edcNG K\u1ef2, GIAN NAN V\u00c0 V\u00d4 C\u00d9NG KH\u1ed0C LI\u1ec6T<\/em><\/p>\n\n\n\n<p>Nh\u1eefng qu\u1ed1c gia n\u00e0o tranh th\u1ee7 \u0111\u01b0\u1ee3c th\u1eddi c\u01a1 \u0111\u00f3n l\u1ea5y v\u1eadn h\u1ed9i l\u1edbn, \u0111\u1ed5i m\u1edbi th\u00e0nh c\u00f4ng, v\u01b0\u01a1n m\u00ecnh v\u01b0\u1ee3t l\u00ean. V\u00e0 nh\u1eefng qu\u1ed1c gia n\u00e0o ch\u1eadm tr\u1ec5 \u0111\u1ec3 b\u1ecb t\u1ee5t l\u1ea1i ph\u00eda sau.<\/p>\n\n\n\n<p>Kh\u00e1t v\u1ecdng l\u1edbn c\u1ee7a d\u00e2n t\u1ed9c Vi\u1ec7t t\u1eeb x\u01b0a \u0111\u1ebfn nay v\u00e0 c\u00f2n ti\u1ebfp n\u1ed1i m\u00e3i v\u1ec1 sau l\u00e0 Kh\u00e1t V\u1ecdng L\u1edbn M\u1ea1nh: H\u00d9NG C\u01af\u1edcNG TH\u1ecaNH V\u01af\u1ee2NG. <\/p>\n\n\n\n<p>T\u1eeb th\u1ee7a l\u1eadp qu\u1ed1c \u0110inh Ti\u00ean Ho\u00e0ng \u0110\u1ebf \u0111\u00e3 \u0111\u1eb7t t\u00ean \u0111\u1ea5t n\u01b0\u1edbc l\u00e0 \u0110\u1ea0I C\u1ed2 VI\u1ec6T t\u1ee9c l\u00e0 kh\u1eb3ng \u0111\u1ecbnh t\u01b0 t\u01b0\u1edfng v\u00e0 v\u1ecb th\u1ec3 m\u1ed9t n\u01b0\u1edbc Vi\u1ec7t v\u00f4 c\u00f9ng h\u00f9ng m\u1ea1nh.  Tr\u1ea3i qua c\u00e1c tri\u1ec1u \u0111\u1ea1i L\u00fd, Tr\u1ea7n, L\u00ea sau \u0111\u00f3 n\u01b0\u1edbc ta ti\u1ebfp n\u1ed1i t\u01b0 t\u01b0\u1edfng v\u00e0 gi\u1eef qu\u1ed1c hi\u1ec7u \u0110\u1ea0I VI\u1ec6T. <\/p>\n\n\n\n<p>Nguy\u1ec5n Tr\u00e3i \u0111\u00e3 n\u00eau ra trong \u00e1ng thi\u00ean c\u1ed5 h\u00f9ng v\u0103n B\u00ecnh Ng\u00f4 \u0111\u1ea1i c\u00e1o<\/p>\n\n\n\n<p><em>Nh\u01b0 n\u01b0\u1edbc \u0110\u1ea1i Vi\u1ec7t ta t\u1eeb tr\u01b0\u1edbc<br>V\u1ed1n x\u01b0ng n\u1ec1n v\u0103n hi\u1ebfn \u0111\u00e3 l\u00e2u<br>N\u00fai s\u00f4ng b\u1edd c\u00f5i \u0111\u00e3 chia<br>Phong t\u1ee5c B\u1eafc Nam c\u0169ng kh\u00e1c<br>T\u1eeb Tri\u1ec7u, \u0110inh, L\u00fd, Tr\u1ea7n bao \u0111\u1eddi x\u00e2y n\u1ec1n \u0111\u1ed9c l\u1eadp<br>C\u00f9ng H\u00e1n, \u0110\u01b0\u1eddng, T\u1ed1ng, Nguy\u00ean m\u1ed7i b\u00ean h\u00f9ng c\u1ee9 m\u1ed9t ph\u01b0\u01a1ng<br>Tuy m\u1ea1nh y\u1ebfu c\u00f3 l\u00fac kh\u00e1c nhau<br>Song h\u00e0o ki\u1ec7t th\u1eddi n\u00e0o c\u0169ng c\u00f3.<\/em><\/p>\n\n\n\n<p>B\u1edfi ti\u1ec1n nh\u00e2n anh d\u0169ng ki\u00ean c\u01b0\u1eddng \u0111\u00e3 l\u00e0m n\u00ean nh\u1eefng trang s\u1eed v\u00e0ng oanh li\u1ec7t, \u0111\u1ebfn th\u1eddi \u0111\u1ea1i H\u1ed3 Ch\u00ed Minh l\u1ea1i ti\u1ebfp n\u1ed1i vi\u1ebft ti\u1ebfp nh\u1eefng trang m\u1edbi h\u00e0o h\u00f9ng thi\u1ebft l\u1eadp l\u1ea1i v\u1ecb th\u1ebf \u0111\u1ed9c l\u1eadp t\u1ef1 do t\u1ef1 ch\u1ee7 cho n\u01b0\u1edbc Vi\u1ec7t.<\/p>\n\n\n\n<p> <\/p>\n\n\n\n<p>___<\/p>\n\n\n\n<p>\u00c2m h\u01b0\u1edfng h\u1ed3n thi\u00eang s\u00f4ng n\u00fai vang v\u1ecdng trong t\u00e2m<\/p>\n","protected":false},"excerpt":{"rendered":"<p>CU\u1ed8C \u0110\u1ea0I C\u00c1CH M\u1ea0NG XUY\u00caN BI\u00caN GI\u1edaI KH\u00d4NG TI\u1ebeNG S\u00daNG, KH\u00d4NG \u0110\u1ed4 M\u00c1U, NH\u01afNG TR\u01af\u1edcNG K\u1ef2, GIAN NAN V\u00c0 V\u00d4 C\u00d9NG KH\u1ed0C LI\u1ec6T Nh\u1eefng qu\u1ed1c gia n\u00e0o tranh th\u1ee7 \u0111\u01b0\u1ee3c th\u1eddi c\u01a1 \u0111\u00f3n l\u1ea5y v\u1eadn h\u1ed9i l\u1edbn, \u0111\u1ed5i m\u1edbi th\u00e0nh c\u00f4ng, v\u01b0\u01a1n m\u00ecnh v\u01b0\u1ee3t l\u00ean. V\u00e0 nh\u1eefng qu\u1ed1c gia n\u00e0o ch\u1eadm tr\u1ec5 \u0111\u1ec3 b\u1ecb t\u1ee5t [&hellip;]<\/p>\n","protected":false},"author":1,"featured_media":0,"parent":0,"menu_order":0,"comment_status":"closed","ping_status":"closed","template":"","meta":{"footnotes":""},"class_list":["post-80","page","type-page","status-publish","hentry"],"_links":{"self":[{"href":"https:\/\/success.pro.vn\/haikhang-economy\/wp-json\/wp\/v2\/pages\/80","targetHints":{"allow":["GET"]}}],"collection":[{"href":"https:\/\/success.pro.vn\/haikhang-economy\/wp-json\/wp\/v2\/pages"}],"about":[{"href":"https:\/\/success.pro.vn\/haikhang-economy\/wp-json\/wp\/v2\/types\/page"}],"author":[{"embeddable":true,"href":"https:\/\/success.pro.vn\/haikhang-economy\/wp-json\/wp\/v2\/users\/1"}],"replies":[{"embeddable":true,"href":"https:\/\/success.pro.vn\/haikhang-economy\/wp-json\/wp\/v2\/comments?post=80"}],"version-history":[{"count":13,"href":"https:\/\/success.pro.vn\/haikhang-economy\/wp-json\/wp\/v2\/pages\/80\/revisions"}],"predecessor-version":[{"id":98,"href":"https:\/\/success.pro.vn\/haikhang-economy\/wp-json\/wp\/v2\/pages\/80\/revisions\/98"}],"wp:attachment":[{"href":"https:\/\/success.pro.vn\/haikhang-economy\/wp-json\/wp\/v2\/media?parent=80"}],"curies":[{"name":"wp","href":"https:\/\/api.w.org\/{rel}","templated":true}]}}