{"id":45,"date":"2023-10-25T02:29:57","date_gmt":"2023-10-24T19:29:57","guid":{"rendered":"https:\/\/success.pro.vn\/haikhang\/?page_id=45"},"modified":"2023-10-26T00:04:04","modified_gmt":"2023-10-25T17:04:04","slug":"nhiem-vu-cong-tac","status":"publish","type":"page","link":"https:\/\/success.pro.vn\/haikhang-economy\/nhiem-vu-cong-tac\/","title":{"rendered":"Nhi\u1ec7m v\u1ee5 c\u00f4ng t\u00e1c"},"content":{"rendered":"\n<p><em>M\u1ed9t s\u1ed1 nhi\u1ec7m v\u1ee5 c\u00f4ng t\u00e1c n\u0103m 2023, 2024 <\/em><\/p>\n\n\n\n<p>B\u1ea3o \u0111\u1ea3m s\u1ef1 t\u0103ng tr\u01b0\u1edfng l\u01b0\u1ee3ng ng\u01b0\u1eddi d\u00f9ng c\u1ee7a cho th\u1ef1c th\u1ec3 th\u01b0\u01a1ng m\u1ea1i th\u00e0nh vi\u00ean trong <a rel=\"noreferrer noopener\" href=\"https:\/\/network998.com\" data-type=\"link\" data-id=\"https:\/\/network998.com\" target=\"_blank\">M\u1ea1ng L\u01b0\u1edbi 998<\/a><\/p>\n\n\n\n<p>\u0110\u1ea3m b\u1ea3o ph\u00e1t huy t\u00ednh hi\u1ec7u qu\u1ea3 c\u1ee7a <a rel=\"noreferrer noopener\" href=\"https:\/\/chuthau.com\/ppone\" target=\"_blank\">G\u00f3i S\u1ee9c M\u1ea1nh PP-ONE<\/a> khi tri\u1ec3n khai di\u1ec7n r\u1ed9ng cho s\u1ed1 \u0111\u00f4ng ng\u01b0\u1eddi s\u1eed d\u1ee5ng <\/p>\n\n\n\n<p>Th\u00e0nh l\u1eadp, hu\u1ea5n luy\u1ec7n, \u0111i\u1ec1u h\u00e0nh c\u00e1c t\u1ed5 c\u00f4ng t\u00e1c, \u0111\u1ed9i nh\u00f3m ph\u1ee5ng s\u1ef1 kh\u00e1ch h\u00e0ng, d\u01b0\u1edbi s\u1ef1 ch\u1ec9 huy c\u1ee7a c\u00e1c <a rel=\"noreferrer noopener\" href=\"https:\/\/tuongquan.com\/\" data-type=\"link\" data-id=\"https:\/\/tuongquan.com\/\" target=\"_blank\">T\u01b0\u1edbng Qu\u00e2n<\/a><\/p>\n\n\n\n<p><\/p>\n\n\n\n<p>Ph\u00e1t huy vai tr\u00f2 l\u00e3nh \u0111\u1ea1o c\u1ee7a H\u1ea3i Khang trong c\u00f4ng t\u00e1c ch\u1ec9 huy chi\u1ebfn d\u1ecbch <a href=\"\/\/chutuong.com\" target=\"_blank\" rel=\"noreferrer noopener\">Khang Ch\u1ee7 T\u01b0\u1edbng<\/a><\/p>\n\n\n\n<p>X\u00e1c l\u1eadp v\u1ecb th\u1ebf, uy t\u00edn v\u00e0 s\u1ee9c \u1ea3nh h\u01b0\u1edfng c\u1ee7a c\u00e1c phong tr\u00e0o do Khang Ch\u1ee7 T\u01b0\u1edbng l\u00e3nh \u0111\u1ea1o trong c\u1ed9ng \u0111\u1ed3ng x\u00e3 h\u1ed9i. <a href=\"\/\/chuyendich.com\" data-type=\"link\" data-id=\"\/\/chuyendich.com\" target=\"_blank\" rel=\"noreferrer noopener\">Phong tr\u00e0o chuy\u1ec3n d\u1ecbch<\/a> x\u00e2y d\u1ef1ng kinh t\u1ebf m\u1edbi, <a href=\"\/\/phongtraoso.com\" data-type=\"link\" data-id=\"\/\/phongtraoso.com\" target=\"_blank\" rel=\"noreferrer noopener\">phong tr\u00e0o s\u1ed1<\/a><\/p>\n\n\n\n<p><\/p>\n\n\n\n<p>\u0110a d\u1ea1ng ho\u00e1 c\u00e1c <a rel=\"noreferrer noopener\" href=\"https:\/\/chuthau.com\/goi-suc-manh\/\" data-type=\"link\" data-id=\"https:\/\/chuthau.com\/goi-suc-manh\/\" target=\"_blank\">G\u00f3i S\u1ee9c M\u1ea1nh<\/a> \u0111\u1ec3 \u0111\u00e1p \u1ee9ng nhu c\u1ea7u \u0111a d\u1ea1ng c\u1ee7a ng\u01b0\u1eddi d\u00e2n<\/p>\n\n\n\n<p><\/p>\n\n\n\n<hr class=\"wp-block-separator has-alpha-channel-opacity\"\/>\n\n\n\n<p><\/p>\n\n\n\n<p>Ti\u1ebfp theo: <a href=\"https:\/\/success.pro.vn\/haikhang-economy\/ban-giao-nhiem-vu-cong-tac\/\" data-type=\"link\" data-id=\"https:\/\/success.pro.vn\/haikhang\/ban-giao-nhiem-vu-cong-tac\/\">B\u00e0n giao nhi\u1ec7m v\u1ee5 c\u00f4ng t\u00e1c<\/a><\/p>\n","protected":false},"excerpt":{"rendered":"<p>M\u1ed9t s\u1ed1 nhi\u1ec7m v\u1ee5 c\u00f4ng t\u00e1c n\u0103m 2023, 2024 B\u1ea3o \u0111\u1ea3m s\u1ef1 t\u0103ng tr\u01b0\u1edfng l\u01b0\u1ee3ng ng\u01b0\u1eddi d\u00f9ng c\u1ee7a cho th\u1ef1c th\u1ec3 th\u01b0\u01a1ng m\u1ea1i th\u00e0nh vi\u00ean trong M\u1ea1ng L\u01b0\u1edbi 998 \u0110\u1ea3m b\u1ea3o ph\u00e1t huy t\u00ednh hi\u1ec7u qu\u1ea3 c\u1ee7a G\u00f3i S\u1ee9c M\u1ea1nh PP-ONE khi tri\u1ec3n khai di\u1ec7n r\u1ed9ng cho s\u1ed1 \u0111\u00f4ng ng\u01b0\u1eddi s\u1eed d\u1ee5ng Th\u00e0nh l\u1eadp, hu\u1ea5n [&hellip;]<\/p>\n","protected":false},"author":1,"featured_media":0,"parent":0,"menu_order":0,"comment_status":"closed","ping_status":"closed","template":"","meta":{"footnotes":""},"class_list":["post-45","page","type-page","status-publish","hentry"],"_links":{"self":[{"href":"https:\/\/success.pro.vn\/haikhang-economy\/wp-json\/wp\/v2\/pages\/45","targetHints":{"allow":["GET"]}}],"collection":[{"href":"https:\/\/success.pro.vn\/haikhang-economy\/wp-json\/wp\/v2\/pages"}],"about":[{"href":"https:\/\/success.pro.vn\/haikhang-economy\/wp-json\/wp\/v2\/types\/page"}],"author":[{"embeddable":true,"href":"https:\/\/success.pro.vn\/haikhang-economy\/wp-json\/wp\/v2\/users\/1"}],"replies":[{"embeddable":true,"href":"https:\/\/success.pro.vn\/haikhang-economy\/wp-json\/wp\/v2\/comments?post=45"}],"version-history":[{"count":20,"href":"https:\/\/success.pro.vn\/haikhang-economy\/wp-json\/wp\/v2\/pages\/45\/revisions"}],"predecessor-version":[{"id":105,"href":"https:\/\/success.pro.vn\/haikhang-economy\/wp-json\/wp\/v2\/pages\/45\/revisions\/105"}],"wp:attachment":[{"href":"https:\/\/success.pro.vn\/haikhang-economy\/wp-json\/wp\/v2\/media?parent=45"}],"curies":[{"name":"wp","href":"https:\/\/api.w.org\/{rel}","templated":true}]}}